{"id":803,"date":"2021-11-03T06:23:57","date_gmt":"2021-11-03T06:23:57","guid":{"rendered":"http:\/\/lyrikfenster.de\/?page_id=803"},"modified":"2021-11-16T09:35:56","modified_gmt":"2021-11-16T09:35:56","slug":"malprojekt-schenk-mir-ein-herz","status":"publish","type":"page","link":"http:\/\/lyrikfenster.de\/?page_id=803","title":{"rendered":"Malprojekt &#8222;Schenk mir ein Herz&#8220;"},"content":{"rendered":"\n<figure class=\"wp-block-image size-large\"><img loading=\"lazy\" decoding=\"async\" width=\"1024\" height=\"728\" src=\"http:\/\/lyrikfenster.de\/wp-content\/uploads\/2021\/11\/LyrikBildSchenkMirEinHerz501-1024x728.jpg\" alt=\"\" class=\"wp-image-812\" srcset=\"http:\/\/lyrikfenster.de\/wp-content\/uploads\/2021\/11\/LyrikBildSchenkMirEinHerz501-1024x728.jpg 1024w, http:\/\/lyrikfenster.de\/wp-content\/uploads\/2021\/11\/LyrikBildSchenkMirEinHerz501-300x213.jpg 300w, http:\/\/lyrikfenster.de\/wp-content\/uploads\/2021\/11\/LyrikBildSchenkMirEinHerz501-768x546.jpg 768w, http:\/\/lyrikfenster.de\/wp-content\/uploads\/2021\/11\/LyrikBildSchenkMirEinHerz501-1536x1091.jpg 1536w, http:\/\/lyrikfenster.de\/wp-content\/uploads\/2021\/11\/LyrikBildSchenkMirEinHerz501-2048x1455.jpg 2048w\" sizes=\"auto, (max-width: 767px) 89vw, (max-width: 1000px) 54vw, (max-width: 1071px) 543px, 580px\" \/><\/figure>\n\n\n\n<p><\/p>\n\n\n\n<p>Die Kinder der vierten Klasse der Richard-Higgins- Grundschule in F\u00fcrstenfeldbruck haben sich unter Anleitung ihrer Religionslehrerin Claudia Wieja mit meinem Gedicht \u201eSchenk mir ein Herz\u201c besch\u00e4ftigt. Sie haben dazu wunderbare und ber\u00fchrende Bilder gezeichnet. Ich freue mich, dass ich sie auf dieser Seite ver\u00f6ffentlichen darf!<\/p>\n\n\n\n<figure class=\"wp-block-image size-large is-resized\"><img loading=\"lazy\" decoding=\"async\" src=\"http:\/\/lyrikfenster.de\/wp-content\/uploads\/2021\/11\/LyrikBildSchenkMirEinHerz1-1-730x1024.jpg\" alt=\"\" class=\"wp-image-813\" width=\"348\" height=\"489\" srcset=\"http:\/\/lyrikfenster.de\/wp-content\/uploads\/2021\/11\/LyrikBildSchenkMirEinHerz1-1-730x1024.jpg 730w, http:\/\/lyrikfenster.de\/wp-content\/uploads\/2021\/11\/LyrikBildSchenkMirEinHerz1-1-214x300.jpg 214w, http:\/\/lyrikfenster.de\/wp-content\/uploads\/2021\/11\/LyrikBildSchenkMirEinHerz1-1-768x1077.jpg 768w, http:\/\/lyrikfenster.de\/wp-content\/uploads\/2021\/11\/LyrikBildSchenkMirEinHerz1-1-1095x1536.jpg 1095w, http:\/\/lyrikfenster.de\/wp-content\/uploads\/2021\/11\/LyrikBildSchenkMirEinHerz1-1-1460x2048.jpg 1460w, http:\/\/lyrikfenster.de\/wp-content\/uploads\/2021\/11\/LyrikBildSchenkMirEinHerz1-1-scaled.jpg 1825w\" sizes=\"auto, (max-width: 348px) 100vw, 348px\" \/><\/figure>\n\n\n\n<figure class=\"wp-block-image size-large is-resized\"><img loading=\"lazy\" decoding=\"async\" src=\"http:\/\/lyrikfenster.de\/wp-content\/uploads\/2021\/11\/LyrikBildSchenkMirEinHerz2-1-725x1024.jpg\" alt=\"\" class=\"wp-image-814\" width=\"345\" height=\"486\" srcset=\"http:\/\/lyrikfenster.de\/wp-content\/uploads\/2021\/11\/LyrikBildSchenkMirEinHerz2-1-725x1024.jpg 725w, http:\/\/lyrikfenster.de\/wp-content\/uploads\/2021\/11\/LyrikBildSchenkMirEinHerz2-1-212x300.jpg 212w, http:\/\/lyrikfenster.de\/wp-content\/uploads\/2021\/11\/LyrikBildSchenkMirEinHerz2-1-768x1085.jpg 768w, http:\/\/lyrikfenster.de\/wp-content\/uploads\/2021\/11\/LyrikBildSchenkMirEinHerz2-1-1088x1536.jpg 1088w, http:\/\/lyrikfenster.de\/wp-content\/uploads\/2021\/11\/LyrikBildSchenkMirEinHerz2-1-1450x2048.jpg 1450w, http:\/\/lyrikfenster.de\/wp-content\/uploads\/2021\/11\/LyrikBildSchenkMirEinHerz2-1-scaled.jpg 1813w\" sizes=\"auto, (max-width: 345px) 100vw, 345px\" \/><\/figure>\n\n\n\n<p><\/p>\n\n\n\n<p><\/p>\n\n\n\n<p><strong>Schenk mir ein Herz<br><br>Schenk mir Augen<br>hinter dem zerbrochenen Zaun<br>die Pracht der Blumen zu sehen<br>und die Hummeln die darin tanzen<br><br>Schenk mir ein Herz<br>dem Leben mehr zu trauen<br>als die Erfahrung wagt<br><br>Schenk mir ein Lachen<br>das zwischen den Schmerzsteinen<br>die bunten Gl\u00fccksmurmeln sucht<br><br>Lass mich die Sch\u00f6nheit sehen<br>die Freundlichkeit sp\u00fcren<br>die Z\u00e4rtlichkeit genie\u00dfen<br><br>\u00d6ffne mich Herr<br>f\u00fcr deinen Geist!<br><br><\/strong>Christine Ruppert \u00a9 2017<\/p>\n\n\n\n<p><\/p>\n\n\n\n<p><\/p>\n\n\n\n<figure class=\"wp-block-image size-large\"><img loading=\"lazy\" decoding=\"async\" width=\"1024\" height=\"730\" src=\"http:\/\/lyrikfenster.de\/wp-content\/uploads\/2021\/11\/LyrikBildSchenkMirEinHerz4a-1024x730.jpg\" alt=\"\" class=\"wp-image-817\" srcset=\"http:\/\/lyrikfenster.de\/wp-content\/uploads\/2021\/11\/LyrikBildSchenkMirEinHerz4a-1024x730.jpg 1024w, http:\/\/lyrikfenster.de\/wp-content\/uploads\/2021\/11\/LyrikBildSchenkMirEinHerz4a-300x214.jpg 300w, http:\/\/lyrikfenster.de\/wp-content\/uploads\/2021\/11\/LyrikBildSchenkMirEinHerz4a-768x547.jpg 768w, http:\/\/lyrikfenster.de\/wp-content\/uploads\/2021\/11\/LyrikBildSchenkMirEinHerz4a-1536x1095.jpg 1536w, http:\/\/lyrikfenster.de\/wp-content\/uploads\/2021\/11\/LyrikBildSchenkMirEinHerz4a-2048x1460.jpg 2048w\" sizes=\"auto, (max-width: 767px) 89vw, (max-width: 1000px) 54vw, (max-width: 1071px) 543px, 580px\" \/><\/figure>\n\n\n\n<figure class=\"wp-block-image size-large is-resized\"><img loading=\"lazy\" decoding=\"async\" src=\"http:\/\/lyrikfenster.de\/wp-content\/uploads\/2021\/11\/LyrikBildSchenkMirEinHerz30001-724x1024.jpg\" alt=\"\" class=\"wp-image-818\" width=\"352\" height=\"499\" srcset=\"http:\/\/lyrikfenster.de\/wp-content\/uploads\/2021\/11\/LyrikBildSchenkMirEinHerz30001-724x1024.jpg 724w, http:\/\/lyrikfenster.de\/wp-content\/uploads\/2021\/11\/LyrikBildSchenkMirEinHerz30001-212x300.jpg 212w, http:\/\/lyrikfenster.de\/wp-content\/uploads\/2021\/11\/LyrikBildSchenkMirEinHerz30001-768x1086.jpg 768w, http:\/\/lyrikfenster.de\/wp-content\/uploads\/2021\/11\/LyrikBildSchenkMirEinHerz30001-1086x1536.jpg 1086w, http:\/\/lyrikfenster.de\/wp-content\/uploads\/2021\/11\/LyrikBildSchenkMirEinHerz30001-1448x2048.jpg 1448w, http:\/\/lyrikfenster.de\/wp-content\/uploads\/2021\/11\/LyrikBildSchenkMirEinHerz30001-scaled.jpg 1810w\" sizes=\"auto, (max-width: 352px) 100vw, 352px\" \/><\/figure>\n\n\n\n<figure class=\"wp-block-image size-large is-resized\"><img loading=\"lazy\" decoding=\"async\" src=\"http:\/\/lyrikfenster.de\/wp-content\/uploads\/2021\/11\/LyrikBildSchenkMirEinHerz6-701x1024.jpg\" alt=\"\" class=\"wp-image-819\" width=\"350\" height=\"510\" srcset=\"http:\/\/lyrikfenster.de\/wp-content\/uploads\/2021\/11\/LyrikBildSchenkMirEinHerz6-701x1024.jpg 701w, http:\/\/lyrikfenster.de\/wp-content\/uploads\/2021\/11\/LyrikBildSchenkMirEinHerz6-205x300.jpg 205w, http:\/\/lyrikfenster.de\/wp-content\/uploads\/2021\/11\/LyrikBildSchenkMirEinHerz6-768x1122.jpg 768w, http:\/\/lyrikfenster.de\/wp-content\/uploads\/2021\/11\/LyrikBildSchenkMirEinHerz6-1052x1536.jpg 1052w, http:\/\/lyrikfenster.de\/wp-content\/uploads\/2021\/11\/LyrikBildSchenkMirEinHerz6-1402x2048.jpg 1402w, http:\/\/lyrikfenster.de\/wp-content\/uploads\/2021\/11\/LyrikBildSchenkMirEinHerz6-scaled.jpg 1753w\" sizes=\"auto, (max-width: 350px) 100vw, 350px\" \/><\/figure>\n","protected":false},"excerpt":{"rendered":"<p>Die Kinder der vierten Klasse der Richard-Higgins- Grundschule in F\u00fcrstenfeldbruck haben sich unter Anleitung ihrer Religionslehrerin Claudia Wieja mit meinem Gedicht \u201eSchenk mir ein Herz\u201c besch\u00e4ftigt. Sie haben dazu wunderbare und ber\u00fchrende Bilder gezeichnet. Ich freue mich, dass ich sie auf dieser Seite ver\u00f6ffentlichen darf! Schenk mir ein Herz Schenk mir Augenhinter dem zerbrochenen Zaundie &hellip; <\/p>\n<p class=\"link-more\"><a href=\"http:\/\/lyrikfenster.de\/?page_id=803\" class=\"more-link\"><span class=\"screen-reader-text\">\u201eMalprojekt &#8222;Schenk mir ein Herz&#8220;\u201c <\/span>weiterlesen<\/a><\/p>\n","protected":false},"author":1,"featured_media":0,"parent":0,"menu_order":0,"comment_status":"closed","ping_status":"closed","template":"","meta":{"footnotes":""},"class_list":["post-803","page","type-page","status-publish","hentry"],"post_mailing_queue_ids":[],"_links":{"self":[{"href":"http:\/\/lyrikfenster.de\/index.php?rest_route=\/wp\/v2\/pages\/803","targetHints":{"allow":["GET"]}}],"collection":[{"href":"http:\/\/lyrikfenster.de\/index.php?rest_route=\/wp\/v2\/pages"}],"about":[{"href":"http:\/\/lyrikfenster.de\/index.php?rest_route=\/wp\/v2\/types\/page"}],"author":[{"embeddable":true,"href":"http:\/\/lyrikfenster.de\/index.php?rest_route=\/wp\/v2\/users\/1"}],"replies":[{"embeddable":true,"href":"http:\/\/lyrikfenster.de\/index.php?rest_route=%2Fwp%2Fv2%2Fcomments&post=803"}],"version-history":[{"count":4,"href":"http:\/\/lyrikfenster.de\/index.php?rest_route=\/wp\/v2\/pages\/803\/revisions"}],"predecessor-version":[{"id":820,"href":"http:\/\/lyrikfenster.de\/index.php?rest_route=\/wp\/v2\/pages\/803\/revisions\/820"}],"wp:attachment":[{"href":"http:\/\/lyrikfenster.de\/index.php?rest_route=%2Fwp%2Fv2%2Fmedia&parent=803"}],"curies":[{"name":"wp","href":"https:\/\/api.w.org\/{rel}","templated":true}]}}