{"id":21,"date":"2018-09-07T06:57:08","date_gmt":"2018-09-07T06:57:08","guid":{"rendered":"http:\/\/lyrikfenster.de\/?page_id=21"},"modified":"2026-03-04T10:07:02","modified_gmt":"2026-03-04T10:07:02","slug":"veranstaltungen","status":"publish","type":"page","link":"http:\/\/lyrikfenster.de\/?page_id=21","title":{"rendered":"Veranstaltungen"},"content":{"rendered":"<p><img loading=\"lazy\" decoding=\"async\" class=\" wp-image-29 aligncenter\" src=\"http:\/\/lyrikfenster.de\/wp-content\/uploads\/2018\/09\/CR-Logo-300x141.jpg\" alt=\"\" width=\"353\" height=\"166\" srcset=\"http:\/\/lyrikfenster.de\/wp-content\/uploads\/2018\/09\/CR-Logo-300x141.jpg 300w, http:\/\/lyrikfenster.de\/wp-content\/uploads\/2018\/09\/CR-Logo-768x360.jpg 768w, http:\/\/lyrikfenster.de\/wp-content\/uploads\/2018\/09\/CR-Logo-1024x480.jpg 1024w, http:\/\/lyrikfenster.de\/wp-content\/uploads\/2018\/09\/CR-Logo.jpg 1264w\" sizes=\"auto, (max-width: 353px) 100vw, 353px\" \/><\/p>\n<p><strong>Herzliche Einladung zu den n\u00e4chsten Veranstaltungen:<\/strong><\/p>\n\n\n<p><strong>Literatur im Gespr\u00e4ch<\/strong> <strong>&#8211; neuer Kurs ab Februar 2026<\/strong><br><br>Lesen ist Wandern in fremden Welten. Lesen ist ein Tor zum Gl\u00fcck. Lesen ist wie Wasser in der W\u00fcste\u2026<br>Geht es euch auch so? Und habt ihr Lust euch mit Gleichgesinnten \u00fcber B\u00fccher auszutauschen? Dann seid ihr herzlich eingeladen zum <strong>Lesekreis<\/strong> \u201eLiteratur im Gespr\u00e4ch\u201c. Wir sprechen \u00fcber B\u00fccher deutscher und internationaler Autor*innen und sp\u00fcren dem nach, was uns an den Texten anspricht.<br><br><strong>Thema unseres n\u00e4chsten Treffens am 18. M\u00e4rz 2026 ist das Buch \u201eFr\u00e4ulein Nettes kurzer Sommer\u201c von Karen Duve.<br><br><\/strong>Achtung: wegen der Bauarbeiten in der Johanneskirche finden die ersten beiden Termine im Februar und M\u00e4rz in der Hohen Stra\u00dfe statt. Im April und Mai treffen wir uns wieder wie gewohnt in der Johanneskirche.<br><br><strong>18.02.2026 I 18.03.2026 I !!! Hohe Stra\u00dfe 16, D\u00fcsseldorf !!!<br>mittwochs 18.30 bis 20.00 Uhr<br><br>22.04.2026 I 20.05.2026 I mittwochs 18.30 bis 20.00 Uhr<br>Foyer der Johanneskirche, Martin-Luther-Platz 39, D\u00fcsseldorf<br><\/strong><br>Bitte mit Voranmeldung:<br>Tel. 0211 \/ 957 57-745 oder kirsten. lehnhardt(at)evdus.de<br>oder <a href=\"https:\/\/estadus.info\/kurs\/literatur-im-gespraech-6937f0010ec7712ffcfca8ed\/\">https:\/\/estadus.info\/kurs\/literatur-im-gespraech-6937f0010ec7712ffcfca8ed\/<\/a><\/p>\n\n\n\n<p>Teilnahmebeitrag: 25 Euro f\u00fcr alle 4 Abende.<\/p>\n","protected":false},"excerpt":{"rendered":"<p>Herzliche Einladung zu den n\u00e4chsten Veranstaltungen: Literatur im Gespr\u00e4ch &#8211; neuer Kurs ab Februar 2026 Lesen ist Wandern in fremden Welten. Lesen ist ein Tor zum Gl\u00fcck. Lesen ist wie Wasser in der W\u00fcste\u2026Geht es euch auch so? Und habt ihr Lust euch mit Gleichgesinnten \u00fcber B\u00fccher auszutauschen? Dann seid ihr herzlich eingeladen zum Lesekreis &hellip; <\/p>\n<p class=\"link-more\"><a href=\"http:\/\/lyrikfenster.de\/?page_id=21\" class=\"more-link\"><span class=\"screen-reader-text\">\u201eVeranstaltungen\u201c <\/span>weiterlesen<\/a><\/p>\n","protected":false},"author":1,"featured_media":0,"parent":0,"menu_order":0,"comment_status":"closed","ping_status":"closed","template":"","meta":{"footnotes":""},"class_list":["post-21","page","type-page","status-publish","hentry"],"post_mailing_queue_ids":[],"_links":{"self":[{"href":"http:\/\/lyrikfenster.de\/index.php?rest_route=\/wp\/v2\/pages\/21","targetHints":{"allow":["GET"]}}],"collection":[{"href":"http:\/\/lyrikfenster.de\/index.php?rest_route=\/wp\/v2\/pages"}],"about":[{"href":"http:\/\/lyrikfenster.de\/index.php?rest_route=\/wp\/v2\/types\/page"}],"author":[{"embeddable":true,"href":"http:\/\/lyrikfenster.de\/index.php?rest_route=\/wp\/v2\/users\/1"}],"replies":[{"embeddable":true,"href":"http:\/\/lyrikfenster.de\/index.php?rest_route=%2Fwp%2Fv2%2Fcomments&post=21"}],"version-history":[{"count":56,"href":"http:\/\/lyrikfenster.de\/index.php?rest_route=\/wp\/v2\/pages\/21\/revisions"}],"predecessor-version":[{"id":1184,"href":"http:\/\/lyrikfenster.de\/index.php?rest_route=\/wp\/v2\/pages\/21\/revisions\/1184"}],"wp:attachment":[{"href":"http:\/\/lyrikfenster.de\/index.php?rest_route=%2Fwp%2Fv2%2Fmedia&parent=21"}],"curies":[{"name":"wp","href":"https:\/\/api.w.org\/{rel}","templated":true}]}}