{"id":18,"date":"2018-09-07T06:39:01","date_gmt":"2018-09-07T06:39:01","guid":{"rendered":"http:\/\/lyrikfenster.de\/?page_id=18"},"modified":"2018-11-29T08:50:13","modified_gmt":"2018-11-29T08:50:13","slug":"ueber-mich","status":"publish","type":"page","link":"http:\/\/lyrikfenster.de\/?page_id=18","title":{"rendered":"\u00dcber mich&#8230;"},"content":{"rendered":"<p><img loading=\"lazy\" decoding=\"async\" class=\" wp-image-35 alignright\" src=\"http:\/\/lyrikfenster.de\/wp-content\/uploads\/2018\/09\/Foto2_\u00dcber-mich-200x300.jpg\" alt=\"\" width=\"155\" height=\"233\" srcset=\"http:\/\/lyrikfenster.de\/wp-content\/uploads\/2018\/09\/Foto2_\u00dcber-mich-200x300.jpg 200w, http:\/\/lyrikfenster.de\/wp-content\/uploads\/2018\/09\/Foto2_\u00dcber-mich-768x1151.jpg 768w, http:\/\/lyrikfenster.de\/wp-content\/uploads\/2018\/09\/Foto2_\u00dcber-mich-683x1024.jpg 683w, http:\/\/lyrikfenster.de\/wp-content\/uploads\/2018\/09\/Foto2_\u00dcber-mich.jpg 1032w\" sizes=\"auto, (max-width: 155px) 100vw, 155px\" \/><\/p>\n<p style=\"text-align: left;\"><img loading=\"lazy\" decoding=\"async\" class=\"alignnone wp-image-29\" src=\"http:\/\/lyrikfenster.de\/wp-content\/uploads\/2018\/09\/CR-Logo-300x141.jpg\" alt=\"\" width=\"351\" height=\"165\" srcset=\"http:\/\/lyrikfenster.de\/wp-content\/uploads\/2018\/09\/CR-Logo-300x141.jpg 300w, http:\/\/lyrikfenster.de\/wp-content\/uploads\/2018\/09\/CR-Logo-768x360.jpg 768w, http:\/\/lyrikfenster.de\/wp-content\/uploads\/2018\/09\/CR-Logo-1024x480.jpg 1024w, http:\/\/lyrikfenster.de\/wp-content\/uploads\/2018\/09\/CR-Logo.jpg 1264w\" sizes=\"auto, (max-width: 351px) 100vw, 351px\" \/><\/p>\n<p style=\"text-align: left;\">Mein Name ist Christine Ruppert. Ich wurde 1977 in Kronach in Oberfranken geboren. 2000 bis 2006 habe ich an der Universit\u00e4t Bayreuth Literaturwissenschaft und Soziologie studiert und mit Magistra Artium abgeschlossen.<\/p>\n<p style=\"text-align: left;\">Ich bin verheiratet, lebe seit 2008 in D\u00fcsseldorf und bin als Referentin f\u00fcr Literaturvermittlung und kreatives Schreiben in der Erwachsenenbildung t\u00e4tig.<\/p>\n<p style=\"text-align: left;\">Schon seit vielen Jahren schreibe ich Gedichte, die regelm\u00e4\u00dfig in Anthologien des Verlags am Eschbach und verschiedenen Zeitschriften erscheinen.<\/p>\n<p style=\"text-align: left;\">Hilde Domin hat einmal das Gedicht als einen \u201eAugenblick von Freiheit\u201c bezeichnet. Sie sagt:<\/p>\n<blockquote>\n<p style=\"text-align: center;\">Gedichte sind im besten Sinne unn\u00fctz, weil sie keinem bestimmten Zweck dienen. Sie schenken uns, wenn wir sie lesen, einen Moment des Innehaltens in dem die Zeit stillsteht und der Mensch ganz bei sich sein kann.<\/p>\n<\/blockquote>\n<p>(Hilde Domin: Das Gedicht als Augenblick von Freiheit. Frankfurter Poetik-Vorlesungen)<\/p>\n<p>Solche Momente des Innehaltens mitten im Alltag m\u00f6chte ich allen meinen Leser*innen mit dem Lyrikfenster schenken. Alle vierzehn Tage ein neues Gedicht &#8211; ein Fenster, das sich \u00f6ffnet und zum Nachdenken, zum Genie\u00dfen, zum Wahrnehmen kostbarer Augenblicke anregen soll.<\/p>\n<p>Ich w\u00fcnsche allen Leser*innen viel Freude damit und freue mich \u00fcber Kommentare und R\u00fcckmeldungen zu meinen Texten!<\/p>\n","protected":false},"excerpt":{"rendered":"<p>Mein Name ist Christine Ruppert. Ich wurde 1977 in Kronach in Oberfranken geboren. 2000 bis 2006 habe ich an der Universit\u00e4t Bayreuth Literaturwissenschaft und Soziologie studiert und mit Magistra Artium abgeschlossen. Ich bin verheiratet, lebe seit 2008 in D\u00fcsseldorf und bin als Referentin f\u00fcr Literaturvermittlung und kreatives Schreiben in der Erwachsenenbildung t\u00e4tig. Schon seit vielen &hellip; <\/p>\n<p class=\"link-more\"><a href=\"http:\/\/lyrikfenster.de\/?page_id=18\" class=\"more-link\"><span class=\"screen-reader-text\">\u201e\u00dcber mich&#8230;\u201c <\/span>weiterlesen<\/a><\/p>\n","protected":false},"author":1,"featured_media":0,"parent":0,"menu_order":0,"comment_status":"closed","ping_status":"closed","template":"","meta":{"footnotes":""},"class_list":["post-18","page","type-page","status-publish","hentry"],"post_mailing_queue_ids":[],"_links":{"self":[{"href":"http:\/\/lyrikfenster.de\/index.php?rest_route=\/wp\/v2\/pages\/18","targetHints":{"allow":["GET"]}}],"collection":[{"href":"http:\/\/lyrikfenster.de\/index.php?rest_route=\/wp\/v2\/pages"}],"about":[{"href":"http:\/\/lyrikfenster.de\/index.php?rest_route=\/wp\/v2\/types\/page"}],"author":[{"embeddable":true,"href":"http:\/\/lyrikfenster.de\/index.php?rest_route=\/wp\/v2\/users\/1"}],"replies":[{"embeddable":true,"href":"http:\/\/lyrikfenster.de\/index.php?rest_route=%2Fwp%2Fv2%2Fcomments&post=18"}],"version-history":[{"count":11,"href":"http:\/\/lyrikfenster.de\/index.php?rest_route=\/wp\/v2\/pages\/18\/revisions"}],"predecessor-version":[{"id":908,"href":"http:\/\/lyrikfenster.de\/index.php?rest_route=\/wp\/v2\/pages\/18\/revisions\/908"}],"wp:attachment":[{"href":"http:\/\/lyrikfenster.de\/index.php?rest_route=%2Fwp%2Fv2%2Fmedia&parent=18"}],"curies":[{"name":"wp","href":"https:\/\/api.w.org\/{rel}","templated":true}]}}